{"id":4272,"date":"2025-10-07T15:33:07","date_gmt":"2025-10-07T13:33:07","guid":{"rendered":"https:\/\/www.corporatehealthservices.ch\/?page_id=4272"},"modified":"2026-03-16T09:38:26","modified_gmt":"2026-03-16T08:38:26","slug":"unsere-partner","status":"publish","type":"page","link":"https:\/\/www.corporatehealthservices.ch\/de\/ueber-uns\/unsere-partner\/","title":{"rendered":"Unsere Partner"},"content":{"rendered":"\n<div class=\"wp-block-group is-style-section is-layout-flow wp-block-group-is-layout-flow\">\n<h1 class=\"wp-block-heading\">Unsere Partner<\/h1>\n<\/div>\n\n\n\n<p>Um Ihnen umfassende, relevante und auf Ihre Bed\u00fcrfnisse zugeschnittene L\u00f6sungen anbieten zu k\u00f6nnen, arbeiten wir mit einem Netzwerk spezialisierter Partner zusammen. Jeder von ihnen bringt erg\u00e4nzendes Fachwissen mit, das unsere Dienstleistungen bereichert und unsere F\u00e4higkeit st\u00e4rkt, Ihre Herausforderungen zu meistern.<\/p>\n\n\n\n<div style=\"height:30px\" aria-hidden=\"true\" class=\"wp-block-spacer\"><\/div>\n\n\n\n\n    <div class=\"container liste-partenaires-container\">\n            <div class=\"row\">\n                    \n                <div class=\"col-md-6 col-lg-4 col-xl-3\">\n                    <a href=\"https:\/\/www.flowit.ai\/de\" target=\"_blank\">\n                        <div class=\"card-logo logo-partenaire\">\n                            <div class=\"logo-img\">\n                                <img decoding=\"async\" src=\"https:\/\/www.corporatehealthservices.ch\/wp-content\/uploads\/2025\/11\/logo-flowit.svg\" alt=\"\">\n                                                                    <div class=\"texte-partenaire\">\n                                        <p>Flowit ist eine Schweizer L\u00f6sung, die Unternehmen hilft, das Erlebnis ihrer Mitarbeitenden besser zu verstehen \u2013 dank Pulse-Umfragen und KI-gest\u00fctzten Empfehlungen.<\/p>\n                                    <\/div>\n                                                            <\/div>\n                        <\/div>\n                    <\/a>\n                <\/div>\n            \n                        \n                <div class=\"col-md-6 col-lg-4 col-xl-3\">\n                    <a href=\"https:\/\/oxadi.ch\/de\/digitox\" target=\"_blank\">\n                        <div class=\"card-logo logo-partenaire\">\n                            <div class=\"logo-img\">\n                                <img decoding=\"async\" src=\"https:\/\/www.corporatehealthservices.ch\/wp-content\/uploads\/2026\/03\/Logo-Vierfarbig-Schwarz-RGB-scaled.png\" alt=\"\">\n                                                                    <div class=\"texte-partenaire\">\n                                        <p>Oxadi gestaltet die Arbeitswelt neu, indem Technologie in den Dienst des Menschen gestellt wird, und f\u00fchrt Digitox-Kampagnen durch, um das digitale Bewusstsein zu st\u00e4rken.<\/p>\n                                    <\/div>\n                                                            <\/div>\n                        <\/div>\n                    <\/a>\n                <\/div>\n            \n                        \n                <div class=\"col-md-6 col-lg-4 col-xl-3\">\n                    <a href=\"https:\/\/www.forum-gse.ch\/\" target=\"_blank\">\n                        <div class=\"card-logo logo-partenaire\">\n                            <div class=\"logo-img\">\n                                <img decoding=\"async\" src=\"https:\/\/www.corporatehealthservices.ch\/wp-content\/uploads\/2025\/11\/logo-forum-gse-romandie.webp\" alt=\"\">\n                                                                    <div class=\"texte-partenaire\">\n                                        <p>Das Forum GSE Romandie unterst\u00fctzt Unternehmen in der Westschweiz bei der Einf\u00fchrung und Umsetzung ihres Gesundheitsmanagements. Als Gr\u00fcndungsmitglied tragen wir stolz aktiv zu dieser Entwicklung zugunsten der Gesundheit am Arbeitsplatz bei.<\/p>\n                                    <\/div>\n                                                            <\/div>\n                        <\/div>\n                    <\/a>\n                <\/div>\n            \n                        \n                <div class=\"col-md-6 col-lg-4 col-xl-3\">\n                    <a href=\"https:\/\/www.h4vd.ch\/en\/\" target=\"_blank\">\n                        <div class=\"card-logo logo-partenaire\">\n                            <div class=\"logo-img\">\n                                <img decoding=\"async\" src=\"https:\/\/www.corporatehealthservices.ch\/wp-content\/uploads\/2026\/02\/H4-LaSouce-logo-Color.png\" alt=\"\">\n                                                                    <div class=\"texte-partenaire\">\n                                        <p>Das H4 \u2013 Hands-on Human Health Hub \u2013 begleitet Gesundheitsinnovationsprojekte, indem es Expertinnen, Nutzer und die klinische Praxis vernetzt, um L\u00f6sungen zu entwickeln, die wirklich n\u00fctzlich sind und den Herausforderungen des Gesundheitssystems entsprechen.<\/p>\n                                    <\/div>\n                                                            <\/div>\n                        <\/div>\n                    <\/a>\n                <\/div>\n            \n                        \n                <div class=\"col-md-6 col-lg-4 col-xl-3\">\n                    <a href=\"https:\/\/hr-vaud.ch\/hr-barcamp-lausanne\/\" target=\"_blank\">\n                        <div class=\"card-logo logo-partenaire\">\n                            <div class=\"logo-img\">\n                                <img decoding=\"async\" src=\"https:\/\/www.corporatehealthservices.ch\/wp-content\/uploads\/2026\/02\/HRBarcampLogo_Green-scaled.png\" alt=\"\">\n                                                                    <div class=\"texte-partenaire\">\n                                        <p>Das HR Barcamp Lausanne bringt die HR-Community zu offenen und kollaborativen Austauschen \u00fcber aktuelle berufliche Herausforderungen zusammen. Als Partner unterst\u00fctzen wir diesen Raum kollektiver Intelligenz, der den Ideenaustausch f\u00f6rdert und eine konstruktive Dynamik innerhalb der Profession st\u00e4rkt.<\/p>\n                                    <\/div>\n                                                            <\/div>\n                        <\/div>\n                    <\/a>\n                <\/div>\n            \n                    <\/div>\n            <\/div>\n\n\n\n<div style=\"height:50px\" aria-hidden=\"true\" class=\"wp-block-spacer\"><\/div>\n","protected":false},"excerpt":{"rendered":"<p>Unsere Partner Um Ihnen umfassende, relevante und auf Ihre Bed\u00fcrfnisse zugeschnittene L\u00f6sungen anbieten zu k\u00f6nnen, arbeiten wir mit einem Netzwerk spezialisierter Partner zusammen. Jeder von ihnen bringt erg\u00e4nzendes Fachwissen mit, das unsere Dienstleistungen bereichert und unsere F\u00e4higkeit st\u00e4rkt, Ihre Herausforderungen zu meistern.<\/p>\n","protected":false},"author":4,"featured_media":0,"parent":4282,"menu_order":0,"comment_status":"closed","ping_status":"closed","template":"","meta":{"_acf_changed":false,"footnotes":""},"class_list":["post-4272","page","type-page","status-publish","hentry"],"acf":[],"aioseo_notices":[],"_links":{"self":[{"href":"https:\/\/www.corporatehealthservices.ch\/de\/wp-json\/wp\/v2\/pages\/4272","targetHints":{"allow":["GET"]}}],"collection":[{"href":"https:\/\/www.corporatehealthservices.ch\/de\/wp-json\/wp\/v2\/pages"}],"about":[{"href":"https:\/\/www.corporatehealthservices.ch\/de\/wp-json\/wp\/v2\/types\/page"}],"author":[{"embeddable":true,"href":"https:\/\/www.corporatehealthservices.ch\/de\/wp-json\/wp\/v2\/users\/4"}],"replies":[{"embeddable":true,"href":"https:\/\/www.corporatehealthservices.ch\/de\/wp-json\/wp\/v2\/comments?post=4272"}],"version-history":[{"count":9,"href":"https:\/\/www.corporatehealthservices.ch\/de\/wp-json\/wp\/v2\/pages\/4272\/revisions"}],"predecessor-version":[{"id":6093,"href":"https:\/\/www.corporatehealthservices.ch\/de\/wp-json\/wp\/v2\/pages\/4272\/revisions\/6093"}],"up":[{"embeddable":true,"href":"https:\/\/www.corporatehealthservices.ch\/de\/wp-json\/wp\/v2\/pages\/4282"}],"wp:attachment":[{"href":"https:\/\/www.corporatehealthservices.ch\/de\/wp-json\/wp\/v2\/media?parent=4272"}],"curies":[{"name":"wp","href":"https:\/\/api.w.org\/{rel}","templated":true}]}}